{"id":1157,"date":"2023-09-18T10:06:24","date_gmt":"2023-09-18T08:06:24","guid":{"rendered":"https:\/\/www.giardinoverdi.it\/location\/"},"modified":"2025-10-21T10:00:08","modified_gmt":"2025-10-21T08:00:08","slug":"lage-standort","status":"publish","type":"page","link":"https:\/\/www.giardinoverdi.it\/de\/lage-standort\/","title":{"rendered":"LAGE\/STANDORT"},"content":{"rendered":"<section class=\"l-section wpb_row height_medium full_height valign_center width_full with_img\"><div class=\"l-section-img\" role=\"img\" aria-label=\"Bild\" data-img-width=\"1920\" data-img-height=\"1280\" style=\"background-image: url(https:\/\/www.giardinoverdi.it\/wp-content\/uploads\/2023\/10\/2021_Ascensore_Bastione_Riva_BONAVIDA_Poi_04.webp);background-repeat: no-repeat;\"><\/div><div class=\"l-section-overlay\" style=\"background:rgba(0,0,0,0.10)\"><\/div><div class=\"l-section-h i-cf\"><div class=\"g-cols vc_row via_grid cols_1 laptops-cols_inherit tablets-cols_inherit mobiles-cols_1 valign_top type_default stacking_default\"><div class=\"wpb_column vc_column_container\"><div class=\"vc_column-inner\"><div class=\"w-image us_custom_dcc7cbb6 us_animate_this align_center\"><div class=\"w-image-h\"><img decoding=\"async\" width=\"391\" height=\"108\" src=\"https:\/\/www.giardinoverdi.it\/wp-content\/uploads\/2023\/09\/Logo-bianco.svg\" class=\"attachment-large size-large\" alt=\"\" loading=\"lazy\" \/><\/div><\/div><\/div><\/div><\/div><\/div><\/section><section class=\"l-section wpb_row us_custom_7f32077d tit-pag height_auto width_full\"><div class=\"l-section-h i-cf\"><div class=\"g-cols vc_row via_grid cols_1 laptops-cols_inherit tablets-cols_inherit mobiles-cols_1 valign_top type_default stacking_default\" style=\"--columns-gap:0rem;\"><div class=\"wpb_column vc_column_container\"><div class=\"vc_column-inner\"><p class=\"w-text us_custom_e1a30305 has_text_color\"><span class=\"w-text-h\"><span class=\"w-text-value\">LAGE\/STANDORT<\/span><\/span><\/p><div class=\"w-separator us_custom_1584fd16 size_custom with_line width_30 thick_2 style_solid color_border align_right\" style=\"height:10px\"><div class=\"w-separator-h\"><\/div><\/div><\/div><\/div><\/div><\/div><\/section><section class=\"l-section wpb_row us_custom_60e9caca us_animate_this height_large\"><div class=\"l-section-h i-cf\"><div class=\"g-cols vc_row via_grid cols_5-7 laptops-cols_inherit tablets-cols_inherit mobiles-cols_1 valign_top type_default stacking_default\" style=\"--columns-gap:2.5rem;\"><div class=\"wpb_column vc_column_container\"><div class=\"vc_column-inner\"><h1 class=\"w-text\"><span class=\"w-text-h\"><span class=\"w-text-value\">Lage und Entfernungen<\/span><\/span><\/h1><h3 class=\"w-text\"><span class=\"w-text-h\"><span class=\"w-text-value\">4-Sterne-Hotel im Zentrum von Riva del Garda<\/span><\/span><\/h3><\/div><\/div><div class=\"wpb_column vc_column_container\"><div class=\"vc_column-inner\"><div class=\"wpb_text_column\"><div class=\"wpb_wrapper\"><p>Strategisch g\u00fcnstig gelegen, nur 200 m vom See entfernt.\u2028In der N\u00e4he befinden sich der Segelclub \u201cFraglia Vela Riva\u201d, das Kongresszentrum und das Informationsb\u00fcro. Etwa 200 m entfernt befindet sich die Seepromenade mit dem Radweg der nach Torbole f\u00fchrt.<br \/>\nGiardino Verdi ist mit den \u00f6ffentlichen Verkehrsmitteln gut an die Nachbarorte angebunden. Wir sind nur 200 m von der Bushaltestelle von Trentino Trasporti und 200 m von der Bootsanlegestelle des Gardasees entfernt.<br \/>\nAn der Rezeption k\u00f6nnen wir f\u00fcr Sie ein Taxi oder NCC f\u00fcr Ihre Transfers buchen und Ihnen unseren Partner f\u00fcr den Verleih von Mtb- und E-Bikes nennen.<\/p>\n<\/div><\/div><\/div><\/div><\/div><\/div><\/section><section class=\"l-section wpb_row height_large\"><div class=\"l-section-h i-cf\"><div class=\"g-cols vc_row via_grid cols_1 laptops-cols_inherit tablets-cols_inherit mobiles-cols_1 valign_top type_default stacking_default\"><div class=\"wpb_column vc_column_container\"><div class=\"vc_column-inner\"><div class=\"w-map provider_google us_custom_cfdf64d4\" id=\"us_map_1\"><div class=\"w-map-inner\"><div class=\"w-map-json\" onclick='return {&quot;address&quot;:&quot;Piazza Giardino Verdi 4 \\u2013 38066 Riva del Garda (TN)&quot;,&quot;disableDragging&quot;:1,&quot;disableZoom&quot;:0,&quot;hideControls&quot;:0,&quot;zoom&quot;:16,&quot;markers&quot;:[{&quot;address&quot;:&quot;Piazza Giardino Verdi 4 \\u2013 38066 Riva del Garda (TN)&quot;,&quot;html&quot;:&quot;&lt;img src=\\&quot;https:\\\/\\\/www.giardinoverdi.com\\\/wp-content\\\/uploads\\\/2023\\\/09\\\/ico.png\\&quot;&gt;&quot;,&quot;infowindow&quot;:&quot;1&quot;}],&quot;maptype&quot;:&quot;ROADMAP&quot;}'><\/div><\/div><\/div><\/div><\/div><\/div><\/div><\/section><section class=\"l-section wpb_row height_auto color_alternate\"><div class=\"l-section-h i-cf\"><div class=\"g-cols vc_row via_grid cols_2 laptops-cols_inherit tablets-cols_inherit mobiles-cols_1 valign_middle type_default stacking_default\" style=\"--columns-gap:0rem;\"><div class=\"wpb_column vc_column_container stretched\"><div class=\"vc_column-inner\"><div class=\"w-slider style_none fit_cover nav_none count_1\"><div class=\"w-slider-h\"><div class=\"royalSlider\"><div class=\"rsContent\"><a class=\"rsImg\" data-rsw=\"960\" data-rsh=\"502\" data-rsBigImg=\"https:\/\/www.giardinoverdi.it\/wp-content\/uploads\/2023\/10\/image.jpg\" href=\"https:\/\/www.giardinoverdi.it\/wp-content\/uploads\/2023\/10\/image.jpg\"><span data-alt=\"\"><\/span><\/a><\/div><\/div><img decoding=\"async\" src=\"https:\/\/www.giardinoverdi.it\/wp-content\/uploads\/2023\/10\/image.jpg\" width=\"960\" height=\"502\" alt loading=\"lazy\"><\/div><div class=\"w-slider-json\" onclick='return {&quot;autoScaleSlider&quot;:true,&quot;addActiveClass&quot;:true,&quot;loop&quot;:true,&quot;fadeInLoadedSlide&quot;:false,&quot;slidesSpacing&quot;:0,&quot;imageScalePadding&quot;:0,&quot;numImagesToPreload&quot;:2,&quot;arrowsNav&quot;:true,&quot;arrowsNavAutoHide&quot;:false,&quot;transitionType&quot;:&quot;fade&quot;,&quot;transitionSpeed&quot;:250,&quot;block&quot;:{&quot;moveEffect&quot;:&quot;none&quot;,&quot;speed&quot;:300},&quot;thumbs&quot;:{&quot;fitInViewport&quot;:false,&quot;firstMargin&quot;:false,&quot;spacing&quot;:4},&quot;controlNavigation&quot;:&quot;none&quot;,&quot;fullscreen&quot;:{&quot;enabled&quot;:true},&quot;autoScaleSliderWidth&quot;:960,&quot;autoScaleSliderHeight&quot;:502}'><\/div><\/div><\/div><\/div><div class=\"wpb_column vc_column_container\"><div class=\"vc_column-inner\"><div class=\"w-vwrapper us_custom_7e3cca0a align_none valign_top\"><h2 class=\"w-text us_custom_0490361b\"><span class=\"w-text-h\"><span class=\"w-text-value\">Festung von Riva<\/span><\/span><\/h2><h3 class=\"w-text\"><span class=\"w-text-h\"><span class=\"w-text-value\">Mit Stadtmuseum und Turm<\/span><\/span><\/h3><div class=\"w-separator us_custom_d77bed9b size_custom with_line width_default thick_1 style_solid color_border align_center\" style=\"height:10px\"><div class=\"w-separator-h\"><\/div><\/div><div class=\"wpb_text_column us_custom_6a2b1b76 with_collapsible_content\" data-content-height=\"170px\"><div class=\"wpb_wrapper\"><p>Die Rocca di Riva ist eine Festung, die Riva del Garda und seine Einwohner seit Jahrhunderten sch\u00fctzt. Die fr\u00fchesten Zeugnisse stammen aus dem Jahr 1124, aber im Laufe der Jahrhunderte wurde die Festung mehrfach umgebaut bis sie Mitte des 19. Jahrhunderts ihr heutiges Aussehen erhielt.<\/p>\n<\/div><div class=\"toggle-links align_none\"><button class=\"collapsible-content-more\">Mehr anzeigen<\/button><button class=\"collapsible-content-less\">Weniger anzeigen<\/button><\/div><\/div><\/div><\/div><\/div><\/div><\/div><\/section><section class=\"l-section wpb_row height_auto\"><div class=\"l-section-h i-cf\"><div class=\"g-cols vc_row via_grid cols_2 laptops-cols_inherit tablets-cols_inherit mobiles-cols_1 valign_middle type_default reversed stacking_default\" style=\"--columns-gap:0rem;\"><div class=\"wpb_column vc_column_container\"><div class=\"vc_column-inner\"><div class=\"w-vwrapper us_custom_7e3cca0a align_none valign_top\"><h2 class=\"w-text us_custom_0490361b\"><span class=\"w-text-h\"><span class=\"w-text-value\">Apponale-Turm<\/span><\/span><\/h2><h3 class=\"w-text\"><span class=\"w-text-h\"><span class=\"w-text-value\">Mit einem spektakul\u00e4ren Blick \u00fcber die Stadt<\/span><\/span><\/h3><div class=\"w-separator us_custom_d77bed9b size_custom with_line width_default thick_1 style_solid color_border align_center\" style=\"height:10px\"><div class=\"w-separator-h\"><\/div><\/div><div class=\"wpb_text_column us_custom_6a2b1b76 with_collapsible_content\" data-content-height=\"170px\"><div class=\"wpb_wrapper\"><p>Der 34 Meter hohe Apponale-Turm scheint das unaufh\u00f6rliche Treiben auf der Piazza III Novembre gelassen zu beobachten. Bereits im 13. Jahrhundert urkundlich erw\u00e4hnt, hatte der Turm vor allem eine Funktion zur \u00dcberwachung und Verteidigung der Stadt. Wenn Sie Ihren Blick sch\u00e4rfen, werden Sie \u00fcber dem Dach einen goldenen Schimmer erkennen: Es ist der Anzolim de la Tor, eine goldene Windfahne in Form eines Engels, die zu einem der Symbole von Riva del Garda geworden ist.<\/p>\n<\/div><div class=\"toggle-links align_none\"><button class=\"collapsible-content-more\">Mehr anzeigen<\/button><button class=\"collapsible-content-less\">Weniger anzeigen<\/button><\/div><\/div><\/div><\/div><\/div><div class=\"wpb_column vc_column_container stretched\"><div class=\"vc_column-inner\"><div class=\"w-slider style_none fit_cover nav_none count_1\"><div class=\"w-slider-h\"><div class=\"royalSlider\"><div class=\"rsContent\"><a class=\"rsImg\" data-rsw=\"1793\" data-rsh=\"1195\" data-rsBigImg=\"https:\/\/www.giardinoverdi.it\/wp-content\/uploads\/2023\/10\/POI_Riva_del_Garda_Torre_Apponale.webp\" href=\"https:\/\/www.giardinoverdi.it\/wp-content\/uploads\/2023\/10\/POI_Riva_del_Garda_Torre_Apponale.webp\"><span data-alt=\"\"><\/span><\/a><\/div><\/div><img decoding=\"async\" src=\"https:\/\/www.giardinoverdi.it\/wp-content\/uploads\/2023\/10\/POI_Riva_del_Garda_Torre_Apponale.webp\" width=\"1793\" height=\"1195\" alt loading=\"lazy\"><\/div><div class=\"w-slider-json\" onclick='return {&quot;autoScaleSlider&quot;:true,&quot;addActiveClass&quot;:true,&quot;loop&quot;:true,&quot;fadeInLoadedSlide&quot;:false,&quot;slidesSpacing&quot;:0,&quot;imageScalePadding&quot;:0,&quot;numImagesToPreload&quot;:2,&quot;arrowsNav&quot;:true,&quot;arrowsNavAutoHide&quot;:false,&quot;transitionType&quot;:&quot;fade&quot;,&quot;transitionSpeed&quot;:250,&quot;block&quot;:{&quot;moveEffect&quot;:&quot;none&quot;,&quot;speed&quot;:300},&quot;thumbs&quot;:{&quot;fitInViewport&quot;:false,&quot;firstMargin&quot;:false,&quot;spacing&quot;:4},&quot;controlNavigation&quot;:&quot;none&quot;,&quot;fullscreen&quot;:{&quot;enabled&quot;:true},&quot;autoScaleSliderWidth&quot;:1793,&quot;autoScaleSliderHeight&quot;:1195}'><\/div><\/div><\/div><\/div><\/div><\/div><\/section><section class=\"l-section wpb_row height_auto color_alternate\"><div class=\"l-section-h i-cf\"><div class=\"g-cols vc_row via_grid cols_2 laptops-cols_inherit tablets-cols_inherit mobiles-cols_1 valign_middle type_default stacking_default\" style=\"--columns-gap:0rem;\"><div class=\"wpb_column vc_column_container stretched\"><div class=\"vc_column-inner\"><div class=\"w-slider style_none fit_cover nav_none count_1\"><div class=\"w-slider-h\"><div class=\"royalSlider\"><div class=\"rsContent\"><a class=\"rsImg\" data-rsw=\"1140\" data-rsh=\"745\" data-rsBigImg=\"https:\/\/www.giardinoverdi.it\/wp-content\/uploads\/2023\/10\/BFF95F10-27CE-43FE-AC62-D1AA5BCB3CF6.jpg\" href=\"https:\/\/www.giardinoverdi.it\/wp-content\/uploads\/2023\/10\/BFF95F10-27CE-43FE-AC62-D1AA5BCB3CF6.jpg\"><span data-alt=\"\"><\/span><\/a><\/div><\/div><img decoding=\"async\" src=\"https:\/\/www.giardinoverdi.it\/wp-content\/uploads\/2023\/10\/BFF95F10-27CE-43FE-AC62-D1AA5BCB3CF6.jpg\" width=\"1140\" height=\"745\" alt loading=\"lazy\"><\/div><div class=\"w-slider-json\" onclick='return {&quot;autoScaleSlider&quot;:true,&quot;addActiveClass&quot;:true,&quot;loop&quot;:true,&quot;fadeInLoadedSlide&quot;:false,&quot;slidesSpacing&quot;:0,&quot;imageScalePadding&quot;:0,&quot;numImagesToPreload&quot;:2,&quot;arrowsNav&quot;:true,&quot;arrowsNavAutoHide&quot;:false,&quot;transitionType&quot;:&quot;fade&quot;,&quot;transitionSpeed&quot;:250,&quot;block&quot;:{&quot;moveEffect&quot;:&quot;none&quot;,&quot;speed&quot;:300},&quot;thumbs&quot;:{&quot;fitInViewport&quot;:false,&quot;firstMargin&quot;:false,&quot;spacing&quot;:4},&quot;controlNavigation&quot;:&quot;none&quot;,&quot;fullscreen&quot;:{&quot;enabled&quot;:true},&quot;autoScaleSliderWidth&quot;:1140,&quot;autoScaleSliderHeight&quot;:745}'><\/div><\/div><\/div><\/div><div class=\"wpb_column vc_column_container\"><div class=\"vc_column-inner\"><div class=\"w-vwrapper us_custom_7e3cca0a align_none valign_top\"><h2 class=\"w-text us_custom_0490361b\"><span class=\"w-text-h\"><span class=\"w-text-value\">Ponale-Stra\u00dfe<\/span><\/span><\/h2><h3 class=\"w-text\"><span class=\"w-text-h\"><span class=\"w-text-value\">Ein unverzichtbarer Spaziergang zwischen dem Gardasee und dem Ledrosee<\/span><\/span><\/h3><div class=\"w-separator us_custom_d77bed9b size_custom with_line width_default thick_1 style_solid color_border align_center\" style=\"height:10px\"><div class=\"w-separator-h\"><\/div><\/div><div class=\"wpb_text_column us_custom_6a2b1b76 with_collapsible_content\" data-content-height=\"170px\"><div class=\"wpb_wrapper\"><p>Ein unverzichtbarer Spaziergang zwischen dem Gardasee und dem Ledrosee<br \/>\nDie Ponalestra\u00dfe ist aufgrund ihrer landschaftlichen und historischen Besonderheiten einer der sch\u00f6nsten und bekanntesten Wanderwege Europas. Die Ponale-Stra\u00dfe, die bis Anfang der 1990er Jahre als Stra\u00dfe genutzt wurde, ist heute f\u00fcr Fu\u00dfg\u00e4nger und Radfahrer ge\u00f6ffnet und bietet einen einzigartige Ausblicke auf den Gardasee.<\/p>\n<\/div><div class=\"toggle-links align_none\"><button class=\"collapsible-content-more\">Mehr anzeigen<\/button><button class=\"collapsible-content-less\">Weniger anzeigen<\/button><\/div><\/div><\/div><\/div><\/div><\/div><\/div><\/section><section class=\"l-section wpb_row height_auto\"><div class=\"l-section-h i-cf\"><div class=\"g-cols vc_row via_grid cols_2 laptops-cols_inherit tablets-cols_inherit mobiles-cols_1 valign_middle type_default reversed stacking_default\" style=\"--columns-gap:0rem;\"><div class=\"wpb_column vc_column_container\"><div class=\"vc_column-inner\"><div class=\"w-vwrapper us_custom_7e3cca0a align_none valign_top\"><h2 class=\"w-text us_custom_0490361b\"><span class=\"w-text-h\"><span class=\"w-text-value\">Aufstieg zum Wachturm<\/span><\/span><\/h2><h3 class=\"w-text\"><span class=\"w-text-h\"><span class=\"w-text-value\">Drei Minuten gen\u00fcgen um eine unvergessliche Fahrt zu erleben<\/span><\/span><\/h3><div class=\"w-separator us_custom_d77bed9b size_custom with_line width_default thick_1 style_solid color_border align_center\" style=\"height:10px\"><div class=\"w-separator-h\"><\/div><\/div><div class=\"wpb_text_column us_custom_6a2b1b76 with_collapsible_content\" data-content-height=\"170px\"><div class=\"wpb_wrapper\"><p>Der Aufzug verf\u00fcgt \u00fcber eine Panoramakabine, die ganz aus Glas besteht: ein Kunstst\u00fcck, das es Ihnen erm\u00f6glicht, das Panorama des Zentrums und des Gardasees in seiner ganzen Pracht zu bewundern.<\/p>\n<\/div><div class=\"toggle-links align_none\"><button class=\"collapsible-content-more\">Mehr anzeigen<\/button><button class=\"collapsible-content-less\">Weniger anzeigen<\/button><\/div><\/div><\/div><\/div><\/div><div class=\"wpb_column vc_column_container stretched\"><div class=\"vc_column-inner\"><div class=\"w-slider style_none fit_cover nav_none count_1\"><div class=\"w-slider-h\"><div class=\"royalSlider\"><div class=\"rsContent\"><a class=\"rsImg\" data-rsw=\"1920\" data-rsh=\"1280\" data-rsBigImg=\"https:\/\/www.giardinoverdi.it\/wp-content\/uploads\/2023\/10\/2021_Ascensore_Bastione_Riva_BONAVIDA_Poi_04.webp\" href=\"https:\/\/www.giardinoverdi.it\/wp-content\/uploads\/2023\/10\/2021_Ascensore_Bastione_Riva_BONAVIDA_Poi_04.webp\"><span data-alt=\"\"><\/span><\/a><\/div><\/div><img decoding=\"async\" src=\"https:\/\/www.giardinoverdi.it\/wp-content\/uploads\/2023\/10\/2021_Ascensore_Bastione_Riva_BONAVIDA_Poi_04.webp\" width=\"1920\" height=\"1280\" alt loading=\"lazy\"><\/div><div class=\"w-slider-json\" onclick='return {&quot;autoScaleSlider&quot;:true,&quot;addActiveClass&quot;:true,&quot;loop&quot;:true,&quot;fadeInLoadedSlide&quot;:false,&quot;slidesSpacing&quot;:0,&quot;imageScalePadding&quot;:0,&quot;numImagesToPreload&quot;:2,&quot;arrowsNav&quot;:true,&quot;arrowsNavAutoHide&quot;:false,&quot;transitionType&quot;:&quot;fade&quot;,&quot;transitionSpeed&quot;:250,&quot;block&quot;:{&quot;moveEffect&quot;:&quot;none&quot;,&quot;speed&quot;:300},&quot;thumbs&quot;:{&quot;fitInViewport&quot;:false,&quot;firstMargin&quot;:false,&quot;spacing&quot;:4},&quot;controlNavigation&quot;:&quot;none&quot;,&quot;fullscreen&quot;:{&quot;enabled&quot;:true},&quot;autoScaleSliderWidth&quot;:1920,&quot;autoScaleSliderHeight&quot;:1280}'><\/div><\/div><\/div><\/div><\/div><\/div><\/section>\n","protected":false},"excerpt":{"rendered":"LAGE\/STANDORTLage und Entfernungen4-Sterne-Hotel im Zentrum von Riva del GardaStrategisch g\u00fcnstig gelegen, nur 200 m vom See entfernt.\u2028In der N\u00e4he befinden sich der Segelclub \u201cFraglia Vela Riva\u201d, das Kongresszentrum und das Informationsb\u00fcro. Etwa 200 m entfernt befindet sich die Seepromenade mit dem Radweg der nach Torbole f\u00fchrt. Giardino Verdi ist mit den \u00f6ffentlichen Verkehrsmitteln gut an...","protected":false},"author":1,"featured_media":979,"parent":0,"menu_order":0,"comment_status":"closed","ping_status":"closed","template":"","meta":{"_acf_changed":false,"inline_featured_image":false,"footnotes":""},"class_list":["post-1157","page","type-page","status-publish","has-post-thumbnail","hentry"],"acf":[],"yoast_head":"<!-- This site is optimized with the Yoast SEO plugin v26.2 - https:\/\/yoast.com\/wordpress\/plugins\/seo\/ -->\n<title>Lage &amp; Umgebung | Hotel Giardino Verdi | Hotel Riva del Garda<\/title>\n<meta name=\"description\" content=\"4-Sterne-Hotel im Zentrum von Riva del Garda, nur 200 m vom See entfernt. In der N\u00e4he von Rocca di Riva, Apponale-Turm und der Ponale-Stra\u00dfe.\" \/>\n<meta name=\"robots\" content=\"index, follow, max-snippet:-1, max-image-preview:large, max-video-preview:-1\" \/>\n<link rel=\"canonical\" href=\"https:\/\/www.giardinoverdi.it\/de\/lage-standort\/\" \/>\n<meta property=\"og:locale\" content=\"de_DE\" \/>\n<meta property=\"og:type\" content=\"article\" \/>\n<meta property=\"og:title\" content=\"Lage &amp; Umgebung | Hotel Giardino Verdi | Hotel Riva del Garda\" \/>\n<meta property=\"og:description\" content=\"4-Sterne-Hotel im Zentrum von Riva del Garda, nur 200 m vom See entfernt. In der N\u00e4he von Rocca di Riva, Apponale-Turm und der Ponale-Stra\u00dfe.\" \/>\n<meta property=\"og:url\" content=\"https:\/\/www.giardinoverdi.it\/de\/lage-standort\/\" \/>\n<meta property=\"og:site_name\" content=\"Hotel Giardino Verdi\" \/>\n<meta property=\"article:modified_time\" content=\"2025-10-21T08:00:08+00:00\" \/>\n<meta property=\"og:image\" content=\"https:\/\/www.giardinoverdi.it\/wp-content\/uploads\/2023\/10\/2021_Ascensore_Bastione_Riva_BONAVIDA_Poi_04.webp\" \/>\n\t<meta property=\"og:image:width\" content=\"1920\" \/>\n\t<meta property=\"og:image:height\" content=\"1280\" \/>\n\t<meta property=\"og:image:type\" content=\"image\/webp\" \/>\n<meta name=\"twitter:card\" content=\"summary_large_image\" \/>\n<meta name=\"twitter:label1\" content=\"Gesch\u00e4tzte Lesezeit\" \/>\n\t<meta name=\"twitter:data1\" content=\"3\u00a0Minuten\" \/>\n<script type=\"application\/ld+json\" class=\"yoast-schema-graph\">{\"@context\":\"https:\/\/schema.org\",\"@graph\":[{\"@type\":\"WebPage\",\"@id\":\"https:\/\/www.giardinoverdi.it\/de\/lage-standort\/\",\"url\":\"https:\/\/www.giardinoverdi.it\/de\/lage-standort\/\",\"name\":\"Lage & Umgebung | Hotel Giardino Verdi | Hotel Riva del Garda\",\"isPartOf\":{\"@id\":\"https:\/\/www.giardinoverdi.it\/#website\"},\"primaryImageOfPage\":{\"@id\":\"https:\/\/www.giardinoverdi.it\/de\/lage-standort\/#primaryimage\"},\"image\":{\"@id\":\"https:\/\/www.giardinoverdi.it\/de\/lage-standort\/#primaryimage\"},\"thumbnailUrl\":\"https:\/\/www.giardinoverdi.it\/wp-content\/uploads\/2023\/10\/2021_Ascensore_Bastione_Riva_BONAVIDA_Poi_04.webp\",\"datePublished\":\"2023-09-18T08:06:24+00:00\",\"dateModified\":\"2025-10-21T08:00:08+00:00\",\"description\":\"4-Sterne-Hotel im Zentrum von Riva del Garda, nur 200 m vom See entfernt. In der N\u00e4he von Rocca di Riva, Apponale-Turm und der Ponale-Stra\u00dfe.\",\"breadcrumb\":{\"@id\":\"https:\/\/www.giardinoverdi.it\/de\/lage-standort\/#breadcrumb\"},\"inLanguage\":\"de\",\"potentialAction\":[{\"@type\":\"ReadAction\",\"target\":[\"https:\/\/www.giardinoverdi.it\/de\/lage-standort\/\"]}]},{\"@type\":\"ImageObject\",\"inLanguage\":\"de\",\"@id\":\"https:\/\/www.giardinoverdi.it\/de\/lage-standort\/#primaryimage\",\"url\":\"https:\/\/www.giardinoverdi.it\/wp-content\/uploads\/2023\/10\/2021_Ascensore_Bastione_Riva_BONAVIDA_Poi_04.webp\",\"contentUrl\":\"https:\/\/www.giardinoverdi.it\/wp-content\/uploads\/2023\/10\/2021_Ascensore_Bastione_Riva_BONAVIDA_Poi_04.webp\",\"width\":1920,\"height\":1280},{\"@type\":\"BreadcrumbList\",\"@id\":\"https:\/\/www.giardinoverdi.it\/de\/lage-standort\/#breadcrumb\",\"itemListElement\":[{\"@type\":\"ListItem\",\"position\":1,\"name\":\"Home\",\"item\":\"https:\/\/www.giardinoverdi.it\/de\/\"},{\"@type\":\"ListItem\",\"position\":2,\"name\":\"LAGE\/STANDORT\"}]},{\"@type\":\"WebSite\",\"@id\":\"https:\/\/www.giardinoverdi.it\/#website\",\"url\":\"https:\/\/www.giardinoverdi.it\/\",\"name\":\"Hotel Giardino Verdi\",\"description\":\"Hotel Giardino Verdi\",\"potentialAction\":[{\"@type\":\"SearchAction\",\"target\":{\"@type\":\"EntryPoint\",\"urlTemplate\":\"https:\/\/www.giardinoverdi.it\/?s={search_term_string}\"},\"query-input\":{\"@type\":\"PropertyValueSpecification\",\"valueRequired\":true,\"valueName\":\"search_term_string\"}}],\"inLanguage\":\"de\"}]}<\/script>\n<!-- \/ Yoast SEO plugin. -->","yoast_head_json":{"title":"Lage & Umgebung | Hotel Giardino Verdi | Hotel Riva del Garda","description":"4-Sterne-Hotel im Zentrum von Riva del Garda, nur 200 m vom See entfernt. In der N\u00e4he von Rocca di Riva, Apponale-Turm und der Ponale-Stra\u00dfe.","robots":{"index":"index","follow":"follow","max-snippet":"max-snippet:-1","max-image-preview":"max-image-preview:large","max-video-preview":"max-video-preview:-1"},"canonical":"https:\/\/www.giardinoverdi.it\/de\/lage-standort\/","og_locale":"de_DE","og_type":"article","og_title":"Lage & Umgebung | Hotel Giardino Verdi | Hotel Riva del Garda","og_description":"4-Sterne-Hotel im Zentrum von Riva del Garda, nur 200 m vom See entfernt. In der N\u00e4he von Rocca di Riva, Apponale-Turm und der Ponale-Stra\u00dfe.","og_url":"https:\/\/www.giardinoverdi.it\/de\/lage-standort\/","og_site_name":"Hotel Giardino Verdi","article_modified_time":"2025-10-21T08:00:08+00:00","og_image":[{"width":1920,"height":1280,"url":"https:\/\/www.giardinoverdi.it\/wp-content\/uploads\/2023\/10\/2021_Ascensore_Bastione_Riva_BONAVIDA_Poi_04.webp","type":"image\/webp"}],"twitter_card":"summary_large_image","twitter_misc":{"Gesch\u00e4tzte Lesezeit":"3\u00a0Minuten"},"schema":{"@context":"https:\/\/schema.org","@graph":[{"@type":"WebPage","@id":"https:\/\/www.giardinoverdi.it\/de\/lage-standort\/","url":"https:\/\/www.giardinoverdi.it\/de\/lage-standort\/","name":"Lage & Umgebung | Hotel Giardino Verdi | Hotel Riva del Garda","isPartOf":{"@id":"https:\/\/www.giardinoverdi.it\/#website"},"primaryImageOfPage":{"@id":"https:\/\/www.giardinoverdi.it\/de\/lage-standort\/#primaryimage"},"image":{"@id":"https:\/\/www.giardinoverdi.it\/de\/lage-standort\/#primaryimage"},"thumbnailUrl":"https:\/\/www.giardinoverdi.it\/wp-content\/uploads\/2023\/10\/2021_Ascensore_Bastione_Riva_BONAVIDA_Poi_04.webp","datePublished":"2023-09-18T08:06:24+00:00","dateModified":"2025-10-21T08:00:08+00:00","description":"4-Sterne-Hotel im Zentrum von Riva del Garda, nur 200 m vom See entfernt. In der N\u00e4he von Rocca di Riva, Apponale-Turm und der Ponale-Stra\u00dfe.","breadcrumb":{"@id":"https:\/\/www.giardinoverdi.it\/de\/lage-standort\/#breadcrumb"},"inLanguage":"de","potentialAction":[{"@type":"ReadAction","target":["https:\/\/www.giardinoverdi.it\/de\/lage-standort\/"]}]},{"@type":"ImageObject","inLanguage":"de","@id":"https:\/\/www.giardinoverdi.it\/de\/lage-standort\/#primaryimage","url":"https:\/\/www.giardinoverdi.it\/wp-content\/uploads\/2023\/10\/2021_Ascensore_Bastione_Riva_BONAVIDA_Poi_04.webp","contentUrl":"https:\/\/www.giardinoverdi.it\/wp-content\/uploads\/2023\/10\/2021_Ascensore_Bastione_Riva_BONAVIDA_Poi_04.webp","width":1920,"height":1280},{"@type":"BreadcrumbList","@id":"https:\/\/www.giardinoverdi.it\/de\/lage-standort\/#breadcrumb","itemListElement":[{"@type":"ListItem","position":1,"name":"Home","item":"https:\/\/www.giardinoverdi.it\/de\/"},{"@type":"ListItem","position":2,"name":"LAGE\/STANDORT"}]},{"@type":"WebSite","@id":"https:\/\/www.giardinoverdi.it\/#website","url":"https:\/\/www.giardinoverdi.it\/","name":"Hotel Giardino Verdi","description":"Hotel Giardino Verdi","potentialAction":[{"@type":"SearchAction","target":{"@type":"EntryPoint","urlTemplate":"https:\/\/www.giardinoverdi.it\/?s={search_term_string}"},"query-input":{"@type":"PropertyValueSpecification","valueRequired":true,"valueName":"search_term_string"}}],"inLanguage":"de"}]}},"_links":{"self":[{"href":"https:\/\/www.giardinoverdi.it\/de\/wp-json\/wp\/v2\/pages\/1157","targetHints":{"allow":["GET"]}}],"collection":[{"href":"https:\/\/www.giardinoverdi.it\/de\/wp-json\/wp\/v2\/pages"}],"about":[{"href":"https:\/\/www.giardinoverdi.it\/de\/wp-json\/wp\/v2\/types\/page"}],"author":[{"embeddable":true,"href":"https:\/\/www.giardinoverdi.it\/de\/wp-json\/wp\/v2\/users\/1"}],"replies":[{"embeddable":true,"href":"https:\/\/www.giardinoverdi.it\/de\/wp-json\/wp\/v2\/comments?post=1157"}],"version-history":[{"count":2,"href":"https:\/\/www.giardinoverdi.it\/de\/wp-json\/wp\/v2\/pages\/1157\/revisions"}],"predecessor-version":[{"id":1159,"href":"https:\/\/www.giardinoverdi.it\/de\/wp-json\/wp\/v2\/pages\/1157\/revisions\/1159"}],"wp:featuredmedia":[{"embeddable":true,"href":"https:\/\/www.giardinoverdi.it\/de\/wp-json\/wp\/v2\/media\/979"}],"wp:attachment":[{"href":"https:\/\/www.giardinoverdi.it\/de\/wp-json\/wp\/v2\/media?parent=1157"}],"curies":[{"name":"wp","href":"https:\/\/api.w.org\/{rel}","templated":true}]}}